{"id":3198,"date":"2017-06-14T15:23:29","date_gmt":"2017-06-14T14:23:29","guid":{"rendered":"http:\/\/www.x-vivo.de\/?page_id=3198"},"modified":"2021-05-01T13:32:55","modified_gmt":"2021-05-01T11:32:55","slug":"datenschutzerklaerung","status":"publish","type":"page","link":"https:\/\/www.x-vivo.de\/en\/datenschutzerklaerung\/","title":{"rendered":"Datenschutzerkl\u00e4rung"},"content":{"rendered":"<p>Die Nutzung unserer Seite ist ohne eine Angabe von personenbezogenen Daten m\u00f6glich. F\u00fcr die Nutzung einzelner Services unserer Seite k\u00f6nnen sich hierf\u00fcr abweichende Regelungen ergeben, die in diesem Falle nachstehend gesondert erl\u00e4utert werden. Ihre personenbezogenen Daten (z.B. Name, E-Mail, u.\u00e4.) werden von uns nur gem\u00e4\u00df den Bestimmungen des deutschen Datenschutzrechts verarbeitet. Daten sind dann personenbezogen, wenn sie eindeutig einer bestimmten nat\u00fcrlichen Person zugeordnet werden k\u00f6nnen. Die rechtlichen Grundlagen des Datenschutzes finden Sie im Bundesdatenschutzgesetz (BDSG) und dem Telemediengesetz (TMG). Nachstehende Regelungen informieren Sie insoweit \u00fcber die Art, den Umfang und Zweck der Erhebung, die Nutzung und die Verarbeitung von personenbezogenen Daten durch den Anbieter<\/p>\n<p>Alex Nietzold<br \/>\nKlosterstr. 34<br \/>\n13581 Berlin<\/p>\n<p><a href=\"https:\/\/www.x-vivo.de\/contact\/\">Kontaktformular<\/a><br \/>\nE-Mail: impressum[at]x-vivo.de<\/p>\n<p>&nbsp;<\/p>\n<p>Wir weisen darauf hin, dass die internetbasierte Daten\u00fcbertragung Sicherheitsl\u00fccken aufweist, ein l\u00fcckenloser Schutz vor Zugriffen durch Dritte ist somit nicht m\u00f6glich.<\/p>\n<h2>Serverdaten<\/h2>\n<p>Aus technischen Gr\u00fcnden werden u.a. folgende Daten, die Ihr Internet-Browser an uns bzw. an unseren Webspace-Provider \u00fcbermittelt, erfasst (sogenannte Serverlogfiles):<\/p>\n<p>&#8211; Browsertyp und -version<br \/>\n&#8211; verwendetes Betriebssystem<br \/>\n&#8211; Webseite, von der aus Sie uns besuchen (Referrer URL)<br \/>\n&#8211; Webseite, die Sie besuchen<br \/>\n&#8211; Datum und Uhrzeit Ihres Zugriffs<br \/>\n&#8211; Ihre Internet Protokoll (IP)-Adresse.<\/p>\n<p>Diese anonymen Daten werden getrennt von Ihren eventuell angegebenen personenbezogenen Daten gespeichert und lassen dementsprechend keine R\u00fcckschl\u00fcsse auf eine bestimmte Person zu. Sie werden zu statistischen Zwecken ausgewertet, um unseren Internetauftritt und unsere Angebote optimieren zu k\u00f6nnen.<\/p>\n<p>&nbsp;<\/p>\n<h2>SSL-Verschl\u00fcsselung<\/h2>\n<p>Diese Seite nutzt aus Gr\u00fcnden der Sicherheit und zum Schutz der \u00dcbertragung vertraulicher Inhalte, wie zum Beispiel der Anfragen, die Sie an uns als Seitenbetreiber senden, eine SSL-Verschl\u00fcsselung. Eine verschl\u00fcsselte Verbindung erkennen Sie daran, dass die Adresszeile des Browsers von &#8220;http:\/\/&#8221; auf &#8220;https:\/\/&#8221; wechselt und an dem Schloss-Symbol in Ihrer Browserzeile.<\/p>\n<p>Wenn die SSL Verschl\u00fcsselung aktiviert ist, k\u00f6nnen die Daten, die Sie an uns \u00fcbermitteln, nicht von Dritten mitgelesen werden.<\/p>\n<h2><\/h2>\n<h2>Kontaktformular<\/h2>\n<p>Wenn Sie uns per Kontaktformular Anfragen zukommen lassen, werden Ihre Angaben aus dem Anfrageformular inklusive der von Ihnen dort angegebenen Kontaktdaten zwecks Bearbeitung der Anfrage und f\u00fcr den Fall von Anschlussfragen bei uns gespeichert. Diese Daten geben wir nicht ohne Ihre Einwilligung weiter.<\/p>\n<p>&nbsp;<\/p>\n<h2>Newsletterdaten<\/h2>\n<p>Wenn Sie den auf der Website angebotenen Newsletter beziehen m\u00f6chten, ben\u00f6tigen wir von Ihnen eine E-Mail-Adresse sowie Informationen, welche uns die \u00dcberpr\u00fcfung gestatten, dass Sie der Inhaber der angegebenen E-Mail-Adresse sind und mit dem Empfang des Newsletters einverstanden sind. Weitere Daten werden nicht erhoben. Diese Daten verwenden wir ausschlie\u00dflich f\u00fcr den Versand der angeforderten Informationen und geben sie nicht an Dritte weiter.<\/p>\n<p>Die erteilte Einwilligung zur Speicherung der Daten, der E-Mail-Adresse sowie deren Nutzung zum Versand des Newsletters k\u00f6nnen Sie jederzeit widerrufen, etwa<br \/>\n\u00fcber den &#8220;Austragen&#8221;-Link im Newsletter.<\/p>\n<p>&nbsp;<\/p>\n<h2>SoundCloud<\/h2>\n<p>Auf unseren Seiten k\u00f6nnen Plugins des sozialen Netzwerks SoundCloud (SoundCloud Limited, Berners House, 47-48 Berners Street, London W1T 3NF, Gro\u00dfbritannien.) integriert sein. Die SoundCloud-Plugins erkennen Sie an dem SoundCloud-Logo auf den betroffenen Seiten.<\/p>\n<p>Wenn Sie unsere Seiten besuchen, wird nach Aktivierung des Plugin eine direkte Verbindung zwischen Ihrem Browser und dem SoundCloud-Server hergestellt. SoundCloud erh\u00e4lt dadurch die Information, dass Sie mit Ihrer IP-Adresse unsere Seite besucht haben. Wenn Sie den &#8220;Like-Button&#8221; oder &#8220;Share-Button&#8221; anklicken w\u00e4hrend Sie in Ihrem SoundCloud- Benutzerkonto eingeloggt sind, k\u00f6nnen Sie die Inhalte unserer Seiten mit Ihrem SoundCloud-Profil verlinken und\/oder teilen. Dadurch kann SoundCloud Ihrem Benutzerkonto den Besuch unserer Seiten zuordnen. Wir weisen darauf hin, dass wir als Anbieter der Seiten keine Kenntnis vom Inhalt der \u00fcbermittelten Daten sowie deren Nutzung durch SoundCloud erhalten. Weitere Informationen hierzu finden Sie in der Datenschutzerkl\u00e4rung von SoundCloud unter: <a href=\"https:\/\/soundcloud.com\/pages\/privacy\" target=\"_blank\" rel=\"noopener noreferrer\">https:\/\/soundcloud.com\/pages\/privacy<\/a><\/p>\n<p>Wenn Sie nicht w\u00fcnschen, dass Soundcloud den Besuch unserer Seiten Ihrem SoundCloud- Benutzerkonto zuordnet, loggen Sie sich bitte aus Ihrem SoundCloud-Benutzerkonto aus bevor Sie Inhalte des SoundCloud-Plugins aktivieren.<\/p>\n<p>&nbsp;<\/p>\n<h2>YouTube<\/h2>\n<p>Unsere Website nutzt Plugins der von Google betriebenen Seite YouTube. Betreiber der Seiten ist die YouTube, LLC, 901 Cherry Ave., San Bruno, CA 94066, USA. Wir benutzen das Plugin <a href=\"https:\/\/www.kweber.com\/lazy-load-videos\/\" target=\"_blank\" rel=\"noopener\">Lazy Load for Videos von Kevin Weber<\/a> und dabei wird beim Aufrufen unserer Website nur das Vorschaubild des jeweiligen Videos geladen, ohne eine Verbindung zu Google herzustellen. Erst nach dem aktiven Klicken auf dieses Bild wird das Video von Youtube mit der Option &#8221; &#8211; erweiterter Datenschutzmodus &#8211; &#8221; eingebunden und eine Verbindung zu den Servern von YouTube hergestellt. Dabei wird dem Youtube-Server mitgeteilt, welche unserer Seiten Sie besucht haben.<\/p>\n<p>Hierbei nutzen wir die von YouTube zur Verf\u00fcgung gestellte Option &#8221; &#8211; erweiterter Datenschutzmodus &#8211; &#8220;.<\/p>\n<p>Laut den Angaben von YouTube werden im &#8221; &#8211; erweiterten Datenschutzmodus -&#8221; nur Daten an den YouTube-Server \u00fcbermittelt, insbesondere welche unserer Internetseiten Sie besucht haben, wenn Sie das Video anschauen. Wenn Sie in Ihrem YouTube-Account eingeloggt sind erm\u00f6glichen Sie YouTube, Ihr Surfverhalten direkt Ihrem pers\u00f6nlichen Profil zuzuordnen. Dies k\u00f6nnen Sie verhindern, indem Sie sich aus Ihrem YouTube-Account ausloggen.<\/p>\n<p>Weitere Informationen zum Umgang von Nutzerdaten finden Sie in der Datenschutzerkl\u00e4rung von YouTube unter: <a href=\"https:\/\/www.google.de\/intl\/de\/policies\/privacy\" target=\"_blank\" rel=\"noopener noreferrer\">https:\/\/www.google.de\/intl\/de\/policies\/privacy<\/a><\/p>\n<p>&nbsp;<\/p>\n<h2>Kommentarfunktion auf dieser Website<\/h2>\n<p>F\u00fcr die Kommentarfunktion auf dieser Seite ist bis auf weiteres deaktiviert.<\/p>\n<p>&nbsp;<\/p>\n<h2>Recht auf Auskunft, L\u00f6schung, Sperrung<\/h2>\n<p>Sie haben jederzeit das Recht auf unentgeltliche Auskunft \u00fcber Ihre gespeicherten personenbezogenen Daten, deren Herkunft und Empf\u00e4nger und den Zweck der Datenverarbeitung sowie ein Recht auf Berichtigung, Sperrung oder L\u00f6schung dieser Daten. Hierzu sowie zu weiteren Fragen zum Thema personenbezogene Daten k\u00f6nnen Sie sich jederzeit unter der im Impressum angegebenen Adresse an uns wenden.<\/p>\n<p>&nbsp;<\/p>\n<p>Quelle: <a href=\"https:\/\/www.erecht24. de\" target=\"_blank\" rel=\"noopener\">eRecht24<\/a> &amp; <a href=\"https:\/\/www.ratgeberrecht.eu\/\" target=\"_blank\" rel=\"noopener\">Anwaltskanzlei Wei\u00df &amp; Partner<\/a><\/p>\n","protected":false},"excerpt":{"rendered":"<p>Die Nutzung unserer Seite ist ohne eine Angabe von personenbezogenen Daten m\u00f6glich. F\u00fcr die Nutzung einzelner Services unserer Seite k\u00f6nnen sich hierf\u00fcr abweichende Regelungen ergeben, die in diesem Falle nachstehend gesondert erl\u00e4utert werden. Ihre personenbezogenen Daten (z.B. Name, E-Mail, u.\u00e4.)&#8230;<\/p>\n","protected":false},"author":1,"featured_media":0,"parent":0,"menu_order":0,"comment_status":"closed","ping_status":"closed","template":"template-no-sidebar.php","meta":{"footnotes":""},"class_list":["post-3198","page","type-page","status-publish","hentry"],"yoast_head":"<!-- This site is optimized with the Yoast SEO plugin v24.6 - https:\/\/yoast.com\/wordpress\/plugins\/seo\/ -->\n<title>Datenschutzerkl\u00e4rung | X-Vivo<\/title>\n<meta name=\"robots\" content=\"noindex, follow\" \/>\n<meta property=\"og:locale\" content=\"en_US\" \/>\n<meta property=\"og:type\" content=\"article\" \/>\n<meta property=\"og:title\" content=\"Datenschutzerkl\u00e4rung | X-Vivo\" \/>\n<meta property=\"og:description\" content=\"Die Nutzung unserer Seite ist ohne eine Angabe von personenbezogenen Daten m\u00f6glich. F\u00fcr die Nutzung einzelner Services unserer Seite k\u00f6nnen sich hierf\u00fcr abweichende Regelungen ergeben, die in diesem Falle nachstehend gesondert erl\u00e4utert werden. Ihre personenbezogenen Daten (z.B. Name, E-Mail, u.\u00e4.)...\" \/>\n<meta property=\"og:url\" content=\"https:\/\/www.x-vivo.de\/en\/datenschutzerklaerung\/\" \/>\n<meta property=\"og:site_name\" content=\"X-Vivo\" \/>\n<meta property=\"article:publisher\" content=\"https:\/\/www.facebook.com\/xvivo\" \/>\n<meta property=\"article:modified_time\" content=\"2021-05-01T11:32:55+00:00\" \/>\n<meta property=\"og:image\" content=\"https:\/\/www.x-vivo.de\/wp-content\/uploads\/2017\/02\/X-Vivo_Band_2017_01.jpg\" \/>\n\t<meta property=\"og:image:width\" content=\"1200\" \/>\n\t<meta property=\"og:image:height\" content=\"800\" \/>\n\t<meta property=\"og:image:type\" content=\"image\/jpeg\" \/>\n<meta name=\"twitter:card\" content=\"summary_large_image\" \/>\n<meta name=\"twitter:site\" content=\"@xvivo_music\" \/>\n<meta name=\"twitter:label1\" content=\"Est. reading time\" \/>\n\t<meta name=\"twitter:data1\" content=\"4 minutes\" \/>\n<script type=\"application\/ld+json\" class=\"yoast-schema-graph\">{\"@context\":\"https:\/\/schema.org\",\"@graph\":[{\"@type\":\"WebPage\",\"@id\":\"https:\/\/www.x-vivo.de\/en\/datenschutzerklaerung\/\",\"url\":\"https:\/\/www.x-vivo.de\/en\/datenschutzerklaerung\/\",\"name\":\"Datenschutzerkl\u00e4rung | X-Vivo\",\"isPartOf\":{\"@id\":\"https:\/\/www.x-vivo.de\/en\/#website\"},\"datePublished\":\"2017-06-14T14:23:29+00:00\",\"dateModified\":\"2021-05-01T11:32:55+00:00\",\"inLanguage\":\"en-US\",\"potentialAction\":[{\"@type\":\"ReadAction\",\"target\":[[\"https:\/\/www.x-vivo.de\/en\/datenschutzerklaerung\/\"]]}]},{\"@type\":\"WebSite\",\"@id\":\"https:\/\/www.x-vivo.de\/en\/#website\",\"url\":\"https:\/\/www.x-vivo.de\/en\/\",\"name\":\"X-Vivo\",\"description\":\"Post Industrial Metal Band from Berlin \/ Germany\",\"publisher\":{\"@id\":\"https:\/\/www.x-vivo.de\/en\/#organization\"},\"potentialAction\":[{\"@type\":\"SearchAction\",\"target\":{\"@type\":\"EntryPoint\",\"urlTemplate\":\"https:\/\/www.x-vivo.de\/en\/?s={search_term_string}\"},\"query-input\":{\"@type\":\"PropertyValueSpecification\",\"valueRequired\":true,\"valueName\":\"search_term_string\"}}],\"inLanguage\":\"en-US\"},{\"@type\":\"Organization\",\"@id\":\"https:\/\/www.x-vivo.de\/en\/#organization\",\"name\":\"X-Vivo\",\"url\":\"https:\/\/www.x-vivo.de\/en\/\",\"logo\":{\"@type\":\"ImageObject\",\"inLanguage\":\"en-US\",\"@id\":\"https:\/\/www.x-vivo.de\/en\/#\/schema\/logo\/image\/\",\"url\":\"https:\/\/www.x-vivo.de\/wp-content\/uploads\/2012\/09\/gravatar.jpg\",\"contentUrl\":\"https:\/\/www.x-vivo.de\/wp-content\/uploads\/2012\/09\/gravatar.jpg\",\"width\":\"281\",\"height\":\"281\",\"caption\":\"X-Vivo\"},\"image\":{\"@id\":\"https:\/\/www.x-vivo.de\/en\/#\/schema\/logo\/image\/\"},\"sameAs\":[\"https:\/\/www.facebook.com\/xvivo\",\"https:\/\/x.com\/xvivo_music\",\"https:\/\/www.instagram.com\/xvivo_band\/\",\"https:\/\/www.youtube.com\/user\/xvivotube\"]}]}<\/script>\n<!-- \/ Yoast SEO plugin. -->","yoast_head_json":{"title":"Datenschutzerkl\u00e4rung | X-Vivo","robots":{"index":"noindex","follow":"follow"},"og_locale":"en_US","og_type":"article","og_title":"Datenschutzerkl\u00e4rung | X-Vivo","og_description":"Die Nutzung unserer Seite ist ohne eine Angabe von personenbezogenen Daten m\u00f6glich. F\u00fcr die Nutzung einzelner Services unserer Seite k\u00f6nnen sich hierf\u00fcr abweichende Regelungen ergeben, die in diesem Falle nachstehend gesondert erl\u00e4utert werden. Ihre personenbezogenen Daten (z.B. Name, E-Mail, u.\u00e4.)...","og_url":"https:\/\/www.x-vivo.de\/en\/datenschutzerklaerung\/","og_site_name":"X-Vivo","article_publisher":"https:\/\/www.facebook.com\/xvivo","article_modified_time":"2021-05-01T11:32:55+00:00","og_image":[{"width":1200,"height":800,"url":"https:\/\/www.x-vivo.de\/wp-content\/uploads\/2017\/02\/X-Vivo_Band_2017_01.jpg","type":"image\/jpeg"}],"twitter_card":"summary_large_image","twitter_site":"@xvivo_music","twitter_misc":{"Est. reading time":"4 minutes"},"schema":{"@context":"https:\/\/schema.org","@graph":[{"@type":"WebPage","@id":"https:\/\/www.x-vivo.de\/en\/datenschutzerklaerung\/","url":"https:\/\/www.x-vivo.de\/en\/datenschutzerklaerung\/","name":"Datenschutzerkl\u00e4rung | X-Vivo","isPartOf":{"@id":"https:\/\/www.x-vivo.de\/en\/#website"},"datePublished":"2017-06-14T14:23:29+00:00","dateModified":"2021-05-01T11:32:55+00:00","inLanguage":"en-US","potentialAction":[{"@type":"ReadAction","target":[["https:\/\/www.x-vivo.de\/en\/datenschutzerklaerung\/"]]}]},{"@type":"WebSite","@id":"https:\/\/www.x-vivo.de\/en\/#website","url":"https:\/\/www.x-vivo.de\/en\/","name":"X-Vivo","description":"Post Industrial Metal Band from Berlin \/ Germany","publisher":{"@id":"https:\/\/www.x-vivo.de\/en\/#organization"},"potentialAction":[{"@type":"SearchAction","target":{"@type":"EntryPoint","urlTemplate":"https:\/\/www.x-vivo.de\/en\/?s={search_term_string}"},"query-input":{"@type":"PropertyValueSpecification","valueRequired":true,"valueName":"search_term_string"}}],"inLanguage":"en-US"},{"@type":"Organization","@id":"https:\/\/www.x-vivo.de\/en\/#organization","name":"X-Vivo","url":"https:\/\/www.x-vivo.de\/en\/","logo":{"@type":"ImageObject","inLanguage":"en-US","@id":"https:\/\/www.x-vivo.de\/en\/#\/schema\/logo\/image\/","url":"https:\/\/www.x-vivo.de\/wp-content\/uploads\/2012\/09\/gravatar.jpg","contentUrl":"https:\/\/www.x-vivo.de\/wp-content\/uploads\/2012\/09\/gravatar.jpg","width":"281","height":"281","caption":"X-Vivo"},"image":{"@id":"https:\/\/www.x-vivo.de\/en\/#\/schema\/logo\/image\/"},"sameAs":["https:\/\/www.facebook.com\/xvivo","https:\/\/x.com\/xvivo_music","https:\/\/www.instagram.com\/xvivo_band\/","https:\/\/www.youtube.com\/user\/xvivotube"]}]}},"_links":{"self":[{"href":"https:\/\/www.x-vivo.de\/en\/wp-json\/wp\/v2\/pages\/3198","targetHints":{"allow":["GET"]}}],"collection":[{"href":"https:\/\/www.x-vivo.de\/en\/wp-json\/wp\/v2\/pages"}],"about":[{"href":"https:\/\/www.x-vivo.de\/en\/wp-json\/wp\/v2\/types\/page"}],"author":[{"embeddable":true,"href":"https:\/\/www.x-vivo.de\/en\/wp-json\/wp\/v2\/users\/1"}],"replies":[{"embeddable":true,"href":"https:\/\/www.x-vivo.de\/en\/wp-json\/wp\/v2\/comments?post=3198"}],"version-history":[{"count":0,"href":"https:\/\/www.x-vivo.de\/en\/wp-json\/wp\/v2\/pages\/3198\/revisions"}],"wp:attachment":[{"href":"https:\/\/www.x-vivo.de\/en\/wp-json\/wp\/v2\/media?parent=3198"}],"curies":[{"name":"wp","href":"https:\/\/api.w.org\/{rel}","templated":true}]}}