{"id":1549,"date":"2012-09-11T23:43:26","date_gmt":"2012-09-11T22:43:26","guid":{"rendered":"http:\/\/www.x-vivo.de\/sub_wordpress\/?page_id=1549"},"modified":"2018-05-18T17:09:07","modified_gmt":"2018-05-18T16:09:07","slug":"disclaimer","status":"publish","type":"page","link":"https:\/\/www.x-vivo.de\/en\/disclaimer\/","title":{"rendered":"Disclaimer"},"content":{"rendered":"Angaben gem\u00e4\u00df \u00a7 5 TMG<\/p>\n<p>Alex Nietzold<br \/>\nKlosterstr. 34<br \/>\n13581 Berlin<\/p>\n<p><strong>Vertreten durch: <\/strong><br \/>\nAlex Nietzold<\/p>\n<p><strong>Kontakt:<\/strong><br \/>\n<a href=\"https:\/\/www.x-vivo.de\/contact\/\">Kontaktformular<\/a><br \/>\nE-Mail: impressum[at]x-vivo.de<\/p>\n<p><strong>Verantwortlich f\u00fcr den Inhalt nach \u00a7 55 Abs. 2 RStV:<\/strong><br \/>\nAlex Nietzold<br \/>\nKlosterstr. 34<br \/>\n13581 Berlin<\/p>\n<p><strong>Haftungsausschluss: <\/strong><\/p>\n<p><strong>Haftung f\u00fcr Inhalte<\/strong><\/p>\n<p>Die Inhalte unserer Seiten wurden mit gr\u00f6\u00dfter Sorgfalt erstellt. F\u00fcr die Richtigkeit, Vollst\u00e4ndigkeit und Aktualit\u00e4t der Inhalte k\u00f6nnen wir jedoch keine Gew\u00e4hr \u00fcbernehmen. Als Diensteanbieter sind wir gem\u00e4\u00df \u00a7 7 Abs.1 TMG f\u00fcr eigene Inhalte auf diesen Seiten nach den allgemeinen Gesetzen verantwortlich. Nach \u00a7\u00a7 8 bis 10 TMG sind wir als Diensteanbieter jedoch nicht verpflichtet, \u00fcbermittelte oder gespeicherte fremde Informationen zu \u00fcberwachen oder nach Umst\u00e4nden zu forschen, die auf eine rechtswidrige T\u00e4tigkeit hinweisen. Verpflichtungen zur Entfernung oder Sperrung der Nutzung von Informationen nach den allgemeinen Gesetzen bleiben hiervon unber\u00fchrt. Eine diesbez\u00fcgliche Haftung ist jedoch erst ab dem Zeitpunkt der Kenntnis einer konkreten Rechtsverletzung m\u00f6glich. Bei Bekanntwerden von entsprechenden Rechtsverletzungen werden wir diese Inhalte umgehend entfernen.<\/p>\n<p><strong>Haftung f\u00fcr Links<\/strong><\/p>\n<p>Unser Angebot enth\u00e4lt Links zu externen Webseiten Dritter, auf deren Inhalte wir keinen Einfluss haben. Deshalb k\u00f6nnen wir f\u00fcr diese fremden Inhalte auch keine Gew\u00e4hr \u00fcbernehmen. F\u00fcr die Inhalte der verlinkten Seiten ist stets der jeweilige Anbieter oder Betreiber der Seiten verantwortlich. Die verlinkten Seiten wurden zum Zeitpunkt der Verlinkung auf m\u00f6gliche Rechtsverst\u00f6\u00dfe \u00fcberpr\u00fcft. Rechtswidrige Inhalte waren zum Zeitpunkt der Verlinkung nicht erkennbar. Eine permanente inhaltliche Kontrolle der verlinkten Seiten ist jedoch ohne konkrete Anhaltspunkte einer Rechtsverletzung nicht zumutbar. Bei Bekanntwerden von Rechtsverletzungen werden wir derartige Links umgehend entfernen.<\/p>\n<div id=\"link\">Website Impressum von <a href=\"http:\/\/www.impressum-generator.de\">impressum-generator.de<\/a><\/div>","protected":false},"excerpt":{"rendered":"<p>Angaben gem\u00e4\u00df \u00a7 5 TMG Alex Nietzold Klosterstr. 34 13581 Berlin Vertreten durch: Alex Nietzold Kontakt: Kontaktformular E-Mail: impressum[at]x-vivo.de Verantwortlich f\u00fcr den Inhalt nach \u00a7 55 Abs. 2 RStV: Alex Nietzold Klosterstr. 34 13581 Berlin Haftungsausschluss: Haftung f\u00fcr Inhalte Die&#8230;<\/p>\n","protected":false},"author":1,"featured_media":0,"parent":0,"menu_order":0,"comment_status":"closed","ping_status":"closed","template":"","meta":{"footnotes":""},"class_list":["post-1549","page","type-page","status-publish","hentry"],"yoast_head":"<!-- This site is optimized with the Yoast SEO plugin v24.6 - https:\/\/yoast.com\/wordpress\/plugins\/seo\/ -->\n<title>Impressum<\/title>\n<meta name=\"description\" content=\"Impressum\" \/>\n<meta name=\"robots\" content=\"noindex, nofollow\" \/>\n<meta property=\"og:locale\" content=\"en_US\" \/>\n<meta property=\"og:type\" content=\"article\" \/>\n<meta property=\"og:title\" content=\"Impressum\" \/>\n<meta property=\"og:description\" content=\"Impressum\" \/>\n<meta property=\"og:url\" content=\"https:\/\/www.x-vivo.de\/en\/disclaimer\/\" \/>\n<meta property=\"og:site_name\" content=\"X-Vivo\" \/>\n<meta property=\"article:publisher\" content=\"https:\/\/www.facebook.com\/xvivo\" \/>\n<meta property=\"article:modified_time\" content=\"2018-05-18T16:09:07+00:00\" \/>\n<meta property=\"og:image\" content=\"https:\/\/www.x-vivo.de\/wp-content\/uploads\/2017\/02\/X-Vivo_Band_2017_01.jpg\" \/>\n\t<meta property=\"og:image:width\" content=\"1200\" \/>\n\t<meta property=\"og:image:height\" content=\"800\" \/>\n\t<meta property=\"og:image:type\" content=\"image\/jpeg\" \/>\n<meta name=\"twitter:card\" content=\"summary_large_image\" \/>\n<meta name=\"twitter:site\" content=\"@xvivo_music\" \/>\n<meta name=\"twitter:label1\" content=\"Est. reading time\" \/>\n\t<meta name=\"twitter:data1\" content=\"3 minutes\" \/>\n<script type=\"application\/ld+json\" class=\"yoast-schema-graph\">{\"@context\":\"https:\/\/schema.org\",\"@graph\":[{\"@type\":\"WebPage\",\"@id\":\"https:\/\/www.x-vivo.de\/en\/disclaimer\/\",\"url\":\"https:\/\/www.x-vivo.de\/en\/disclaimer\/\",\"name\":\"Impressum\",\"isPartOf\":{\"@id\":\"https:\/\/www.x-vivo.de\/en\/#website\"},\"datePublished\":\"2012-09-11T22:43:26+00:00\",\"dateModified\":\"2018-05-18T16:09:07+00:00\",\"description\":\"Impressum\",\"inLanguage\":\"en-US\",\"potentialAction\":[{\"@type\":\"ReadAction\",\"target\":[[\"https:\/\/www.x-vivo.de\/en\/disclaimer\/\"]]}]},{\"@type\":\"WebSite\",\"@id\":\"https:\/\/www.x-vivo.de\/en\/#website\",\"url\":\"https:\/\/www.x-vivo.de\/en\/\",\"name\":\"X-Vivo\",\"description\":\"Post Industrial Metal Band from Berlin \/ Germany\",\"publisher\":{\"@id\":\"https:\/\/www.x-vivo.de\/en\/#organization\"},\"potentialAction\":[{\"@type\":\"SearchAction\",\"target\":{\"@type\":\"EntryPoint\",\"urlTemplate\":\"https:\/\/www.x-vivo.de\/en\/?s={search_term_string}\"},\"query-input\":{\"@type\":\"PropertyValueSpecification\",\"valueRequired\":true,\"valueName\":\"search_term_string\"}}],\"inLanguage\":\"en-US\"},{\"@type\":\"Organization\",\"@id\":\"https:\/\/www.x-vivo.de\/en\/#organization\",\"name\":\"X-Vivo\",\"url\":\"https:\/\/www.x-vivo.de\/en\/\",\"logo\":{\"@type\":\"ImageObject\",\"inLanguage\":\"en-US\",\"@id\":\"https:\/\/www.x-vivo.de\/en\/#\/schema\/logo\/image\/\",\"url\":\"https:\/\/www.x-vivo.de\/wp-content\/uploads\/2012\/09\/gravatar.jpg\",\"contentUrl\":\"https:\/\/www.x-vivo.de\/wp-content\/uploads\/2012\/09\/gravatar.jpg\",\"width\":\"281\",\"height\":\"281\",\"caption\":\"X-Vivo\"},\"image\":{\"@id\":\"https:\/\/www.x-vivo.de\/en\/#\/schema\/logo\/image\/\"},\"sameAs\":[\"https:\/\/www.facebook.com\/xvivo\",\"https:\/\/x.com\/xvivo_music\",\"https:\/\/www.instagram.com\/xvivo_band\/\",\"https:\/\/www.youtube.com\/user\/xvivotube\"]}]}<\/script>\n<!-- \/ Yoast SEO plugin. -->","yoast_head_json":{"title":"Impressum","description":"Impressum","robots":{"index":"noindex","follow":"nofollow"},"og_locale":"en_US","og_type":"article","og_title":"Impressum","og_description":"Impressum","og_url":"https:\/\/www.x-vivo.de\/en\/disclaimer\/","og_site_name":"X-Vivo","article_publisher":"https:\/\/www.facebook.com\/xvivo","article_modified_time":"2018-05-18T16:09:07+00:00","og_image":[{"width":1200,"height":800,"url":"https:\/\/www.x-vivo.de\/wp-content\/uploads\/2017\/02\/X-Vivo_Band_2017_01.jpg","type":"image\/jpeg"}],"twitter_card":"summary_large_image","twitter_site":"@xvivo_music","twitter_misc":{"Est. reading time":"3 minutes"},"schema":{"@context":"https:\/\/schema.org","@graph":[{"@type":"WebPage","@id":"https:\/\/www.x-vivo.de\/en\/disclaimer\/","url":"https:\/\/www.x-vivo.de\/en\/disclaimer\/","name":"Impressum","isPartOf":{"@id":"https:\/\/www.x-vivo.de\/en\/#website"},"datePublished":"2012-09-11T22:43:26+00:00","dateModified":"2018-05-18T16:09:07+00:00","description":"Impressum","inLanguage":"en-US","potentialAction":[{"@type":"ReadAction","target":[["https:\/\/www.x-vivo.de\/en\/disclaimer\/"]]}]},{"@type":"WebSite","@id":"https:\/\/www.x-vivo.de\/en\/#website","url":"https:\/\/www.x-vivo.de\/en\/","name":"X-Vivo","description":"Post Industrial Metal Band from Berlin \/ Germany","publisher":{"@id":"https:\/\/www.x-vivo.de\/en\/#organization"},"potentialAction":[{"@type":"SearchAction","target":{"@type":"EntryPoint","urlTemplate":"https:\/\/www.x-vivo.de\/en\/?s={search_term_string}"},"query-input":{"@type":"PropertyValueSpecification","valueRequired":true,"valueName":"search_term_string"}}],"inLanguage":"en-US"},{"@type":"Organization","@id":"https:\/\/www.x-vivo.de\/en\/#organization","name":"X-Vivo","url":"https:\/\/www.x-vivo.de\/en\/","logo":{"@type":"ImageObject","inLanguage":"en-US","@id":"https:\/\/www.x-vivo.de\/en\/#\/schema\/logo\/image\/","url":"https:\/\/www.x-vivo.de\/wp-content\/uploads\/2012\/09\/gravatar.jpg","contentUrl":"https:\/\/www.x-vivo.de\/wp-content\/uploads\/2012\/09\/gravatar.jpg","width":"281","height":"281","caption":"X-Vivo"},"image":{"@id":"https:\/\/www.x-vivo.de\/en\/#\/schema\/logo\/image\/"},"sameAs":["https:\/\/www.facebook.com\/xvivo","https:\/\/x.com\/xvivo_music","https:\/\/www.instagram.com\/xvivo_band\/","https:\/\/www.youtube.com\/user\/xvivotube"]}]}},"_links":{"self":[{"href":"https:\/\/www.x-vivo.de\/en\/wp-json\/wp\/v2\/pages\/1549","targetHints":{"allow":["GET"]}}],"collection":[{"href":"https:\/\/www.x-vivo.de\/en\/wp-json\/wp\/v2\/pages"}],"about":[{"href":"https:\/\/www.x-vivo.de\/en\/wp-json\/wp\/v2\/types\/page"}],"author":[{"embeddable":true,"href":"https:\/\/www.x-vivo.de\/en\/wp-json\/wp\/v2\/users\/1"}],"replies":[{"embeddable":true,"href":"https:\/\/www.x-vivo.de\/en\/wp-json\/wp\/v2\/comments?post=1549"}],"version-history":[{"count":0,"href":"https:\/\/www.x-vivo.de\/en\/wp-json\/wp\/v2\/pages\/1549\/revisions"}],"wp:attachment":[{"href":"https:\/\/www.x-vivo.de\/en\/wp-json\/wp\/v2\/media?parent=1549"}],"curies":[{"name":"wp","href":"https:\/\/api.w.org\/{rel}","templated":true}]}}